{"id":34540,"date":"2026-04-15T01:02:05","date_gmt":"2026-04-15T01:02:05","guid":{"rendered":"https:\/\/itfix.ba\/index.php\/product\/xiaomi-mi-air-fryer-friteza-3-5l\/"},"modified":"2026-04-15T01:02:06","modified_gmt":"2026-04-15T01:02:06","slug":"xiaomi-mi-air-fryer-friteza-3-5l","status":"publish","type":"product","link":"https:\/\/itfix.ba\/index.php\/product\/xiaomi-mi-air-fryer-friteza-3-5l\/","title":{"rendered":"Xiaomi Mi Air Fryer Friteza 3.5L"},"content":{"rendered":"<p><span style=\"font-size:10pt;font-family:arial, helvetica, sans-serif;\">Ulje u hrani temeljito se pr\u017ei kroz cirkulaciju zagrijanog zraka od <strong>360\u00b0<\/strong>, pru\u017eaju\u0107i ukusnu hranu s manje masno\u0107e i masti. Kru\u017eenje toplinske struje velike brzine osigurava ravnomjerno zagrijavanje hrane, stvaraju\u0107i hrskavi vanjski sloj dok unutra\u0161njost ostaje mekana.<\/span><\/p>\n<p><span style=\"font-size:10pt;font-family:arial, helvetica, sans-serif;\">Temperatura se mo\u017ee podesiti izme\u0111u <strong>40 \u2103 do 200 \u2103<\/strong>. S konfiguracijom ventilatora s dvije brzine,<\/span><br \/><span style=\"font-size:10pt;font-family:arial, helvetica, sans-serif;\">Mi Smart Air Fryer mo\u017ee u\u010diniti vi\u0161e nego samo pr\u017eiti va\u0161u hranu. Tako\u0111er mo\u017ee odmrznuti va\u0161u smrznutu robu, suho vo\u0107e i fermentirano povr\u0107e.<\/span><\/p>\n<p><span style=\"font-size:10pt;font-family:arial, helvetica, sans-serif;\">Dulje kontinuirano zagrijavanje u kombinaciji sa \u0161irim umjerenim rasponom nudi vi\u0161e mogu\u0107nosti kuhanja. Napravite me\u0111uobroke poput suhog vo\u0107a, suhog mesa i jogurta za cijelu obitelj.<\/span><\/p>\n<p><span style=\"font-size:10pt;font-family:arial, helvetica, sans-serif;\">Snaga grijanja od<strong> 1500 W<\/strong> omogu\u0107uje brzo pove\u0107anje temperature i uravnote\u017eeniju raspodjelu topline unutar<strong> Mi Smart Air Fryer,<\/strong><\/span><br \/><span style=\"font-size:10pt;font-family:arial, helvetica, sans-serif;\">skra\u0107uju\u0107i vrijeme kuhanja, nude\u0107i br\u017ei, zdraviji i prakti\u010dniji na\u010din \u017eivota.<\/span><\/p>\n<p><span style=\"font-size:10pt;font-family:arial, helvetica, sans-serif;\">Preko <strong>100 pametnih recepata*<\/strong> po\u010detnicima olak\u0161ava kuhanje ukusne hrane. <strong>Mi Smart Air Fryer<\/strong> tako\u0111er podr\u017eava prilago\u0111ene na\u010dine kuhanja,<\/span><br \/><span style=\"font-size:10pt;font-family:arial, helvetica, sans-serif;\">tako da doma\u0107i kuhari mogu prilagoditi postavke kako \u017eele. Zamolite Google pomo\u0107nika* da uklju\u010di\/isklju\u010di Mi Smart Air Fryer i u\u017eivajte u pametnijem na\u010dinu kuhanja.<\/span><\/p><\/p>\n","protected":false},"excerpt":{"rendered":"<div id=\"product-description-short-34\" class=\"product-description-short typo sm-bottom\">\n<ul>\n<li><span style=\"color:#5d5d5d;font-family:Roboto, sans-serif;font-size:13px;text-align:center;background-color:#ffffff;\">Garancija: <strong>12 mjeseci<\/strong><\/span><\/li>\n<li><span style=\"color:#5d5d5d;font-family:Roboto, sans-serif;font-size:13px;text-align:center;background-color:#ffffff;\">Snaga:<strong> 1500W<br \/><\/strong><\/span><\/li>\n<li><span style=\"color:#5d5d5d;font-family:Roboto, sans-serif;font-size:13px;text-align:center;background-color:#ffffff;\">Te\u017eina: <strong>3.9kg<\/strong><\/span><\/li>\n<li><span style=\"color:#5d5d5d;font-family:Roboto, sans-serif;font-size:13px;text-align:center;background-color:#ffffff;\">Zapremina: <strong>3.5L<\/strong><br \/><\/span><\/li>\n<\/ul>\n<\/div>\n","protected":false},"featured_media":0,"comment_status":"closed","ping_status":"open","template":"","meta":[],"product_brand":[235],"product_cat":[236,537],"product_tag":[],"class_list":{"0":"post-34540","1":"product","2":"type-product","3":"status-publish","5":"product_brand-xiaomi","6":"product_cat-eko-sistem","7":"product_cat-mali-kucanski-aparati-eko-sistem","9":"first","10":"instock","11":"purchasable","12":"product-type-simple","13":"ebbe-col"},"aioseo_notices":[],"_links":{"self":[{"href":"https:\/\/itfix.ba\/index.php\/wp-json\/wp\/v2\/product\/34540","targetHints":{"allow":["GET"]}}],"collection":[{"href":"https:\/\/itfix.ba\/index.php\/wp-json\/wp\/v2\/product"}],"about":[{"href":"https:\/\/itfix.ba\/index.php\/wp-json\/wp\/v2\/types\/product"}],"replies":[{"embeddable":true,"href":"https:\/\/itfix.ba\/index.php\/wp-json\/wp\/v2\/comments?post=34540"}],"wp:attachment":[{"href":"https:\/\/itfix.ba\/index.php\/wp-json\/wp\/v2\/media?parent=34540"}],"wp:term":[{"taxonomy":"product_brand","embeddable":true,"href":"https:\/\/itfix.ba\/index.php\/wp-json\/wp\/v2\/product_brand?post=34540"},{"taxonomy":"product_cat","embeddable":true,"href":"https:\/\/itfix.ba\/index.php\/wp-json\/wp\/v2\/product_cat?post=34540"},{"taxonomy":"product_tag","embeddable":true,"href":"https:\/\/itfix.ba\/index.php\/wp-json\/wp\/v2\/product_tag?post=34540"}],"curies":[{"name":"wp","href":"https:\/\/api.w.org\/{rel}","templated":true}]}}